{"id":15896,"date":"2020-01-12T14:07:26","date_gmt":"2020-01-12T13:07:26","guid":{"rendered":"https:\/\/www.crossborderlivinglabs.eu\/contacts\/"},"modified":"2020-12-18T14:59:59","modified_gmt":"2020-12-18T13:59:59","slug":"contact","status":"publish","type":"page","link":"https:\/\/www.crossborderlivinglabs.eu\/nl\/contact\/","title":{"rendered":"Contact"},"content":{"rendered":"<p>[et_pb_section fb_built=&#8221;1&#8243; fullwidth=&#8221;on&#8221; admin_label=&#8221;Section TitleImagePage&#8221; _builder_version=&#8221;4.0.9&#8243; global_module=&#8221;17553&#8243;][et_pb_fullwidth_post_title title=&#8221;off&#8221; meta=&#8221;off&#8221; featured_image=&#8221;off&#8221; admin_label=&#8221;Titre du poste en pleine largeur&#8221; module_class=&#8221;pageTitleMain&#8221; _builder_version=&#8221;4.0.9&#8243;][\/et_pb_fullwidth_post_title][et_pb_fullwidth_image src=&#8221;https:\/\/www.crossborderlivinglabs.eu\/wp-content\/uploads\/2020\/01\/Cross_Border_Living_Labs-C2L3Play-Call-Appel-general-Banner-1430X330.jpg&#8221; _builder_version=&#8221;4.0.9&#8243; custom_margin=&#8221;5px||||false|false&#8221;][\/et_pb_fullwidth_image][\/et_pb_section][et_pb_section fb_built=&#8221;1&#8243; _builder_version=&#8221;4.4.9&#8243;][et_pb_row column_structure=&#8221;1_2,1_2&#8243; _builder_version=&#8221;4.4.9&#8243; global_module=&#8221;17511&#8243;][et_pb_column type=&#8221;1_2&#8243; _builder_version=&#8221;3.25&#8243; background_position=&#8221;top_left&#8221; custom_padding=&#8221;|||&#8221; custom_padding__hover=&#8221;|||&#8221;][et_pb_text admin_label=&#8221;Team&#8221; _builder_version=&#8221;4.0.9&#8243; border_style=&#8221;solid&#8221;]<\/p>\n<p><strong>CONTACT<\/strong><\/p>\n<p><strong>Charg\u00e9e de projet<\/strong><\/p>\n<p>Cl\u00e9mence MARTIN<br \/>Universit\u00e9 de Mons \u2013 Institut NUMEDIART<\/p>\n<p>+32 65 37 47 25<br \/>clemence.martin@umons.ac.be<\/p>\n<p>&nbsp;<\/p>\n<p>[\/et_pb_text][\/et_pb_column][et_pb_column type=&#8221;1_2&#8243; _builder_version=&#8221;3.25&#8243; custom_padding=&#8221;|||&#8221; custom_padding__hover=&#8221;|||&#8221;][et_pb_text admin_label=&#8221;Adresse&#8221; _builder_version=&#8221;4.7.5&#8243;]<\/p>\n<p><strong>ADRESSE<\/strong><\/p>\n<ul>\n<li>UMONS &#8211; Institut Num\u00e9diart &#8211; Boulevard Dolez 31 &#8211; 7000 MONS<\/li>\n<li>CLICK&#8217; &#8211; Living Lab &#8211; Boulevard Initialis 30 &#8211; 7000 MONS<\/li>\n<\/ul>\n<p>[\/et_pb_text][\/et_pb_column][\/et_pb_row][\/et_pb_section]<\/p>\n","protected":false},"excerpt":{"rendered":"<p>[et_pb_section fb_built=&#8221;1&#8243; fullwidth=&#8221;on&#8221; admin_label=&#8221;Section TitleImagePage&#8221; _builder_version=&#8221;4.0.9&#8243; global_module=&#8221;17553&#8243;][et_pb_fullwidth_post_title title=&#8221;off&#8221; meta=&#8221;off&#8221; featured_image=&#8221;off&#8221; admin_label=&#8221;Titre du poste en pleine largeur&#8221; module_class=&#8221;pageTitleMain&#8221; _builder_version=&#8221;4.0.9&#8243;][\/et_pb_fullwidth_post_title][et_pb_fullwidth_image src=&#8221;https:\/\/www.crossborderlivinglabs.eu\/wp-content\/uploads\/2020\/01\/Cross_Border_Living_Labs-C2L3Play-Call-Appel-general-Banner-1430X330.jpg&#8221; _builder_version=&#8221;4.0.9&#8243; custom_margin=&#8221;5px||||false|false&#8221;][\/et_pb_fullwidth_image][\/et_pb_section][et_pb_section fb_built=&#8221;1&#8243; _builder_version=&#8221;4.4.9&#8243;][et_pb_row column_structure=&#8221;1_2,1_2&#8243; _builder_version=&#8221;4.4.9&#8243; global_module=&#8221;17511&#8243;][et_pb_column type=&#8221;1_2&#8243; _builder_version=&#8221;3.25&#8243; background_position=&#8221;top_left&#8221; custom_padding=&#8221;|||&#8221; custom_padding__hover=&#8221;|||&#8221;][et_pb_text admin_label=&#8221;Team&#8221; _builder_version=&#8221;4.0.9&#8243; border_style=&#8221;solid&#8221;] CONTACT Charg\u00e9e de projet Cl\u00e9mence MARTINUniversit\u00e9 de Mons \u2013 Institut NUMEDIART +32 65 37 47 25clemence.martin@umons.ac.be &nbsp; [\/et_pb_text][\/et_pb_column][et_pb_column type=&#8221;1_2&#8243; _builder_version=&#8221;3.25&#8243; custom_padding=&#8221;|||&#8221; [&hellip;]<\/p>\n","protected":false},"author":2,"featured_media":0,"parent":0,"menu_order":0,"comment_status":"closed","ping_status":"closed","template":"","meta":{"_et_pb_use_builder":"on","_et_pb_old_content":"","_et_gb_content_width":"","_custom_body_class":"contactPage","_custom_post_class":""},"_links":{"self":[{"href":"https:\/\/www.crossborderlivinglabs.eu\/nl\/wp-json\/wp\/v2\/pages\/15896"}],"collection":[{"href":"https:\/\/www.crossborderlivinglabs.eu\/nl\/wp-json\/wp\/v2\/pages"}],"about":[{"href":"https:\/\/www.crossborderlivinglabs.eu\/nl\/wp-json\/wp\/v2\/types\/page"}],"author":[{"embeddable":true,"href":"https:\/\/www.crossborderlivinglabs.eu\/nl\/wp-json\/wp\/v2\/users\/2"}],"replies":[{"embeddable":true,"href":"https:\/\/www.crossborderlivinglabs.eu\/nl\/wp-json\/wp\/v2\/comments?post=15896"}],"version-history":[{"count":10,"href":"https:\/\/www.crossborderlivinglabs.eu\/nl\/wp-json\/wp\/v2\/pages\/15896\/revisions"}],"predecessor-version":[{"id":18767,"href":"https:\/\/www.crossborderlivinglabs.eu\/nl\/wp-json\/wp\/v2\/pages\/15896\/revisions\/18767"}],"wp:attachment":[{"href":"https:\/\/www.crossborderlivinglabs.eu\/nl\/wp-json\/wp\/v2\/media?parent=15896"}],"curies":[{"name":"wp","href":"https:\/\/api.w.org\/{rel}","templated":true}]}}