{"id":15895,"date":"2020-01-16T10:30:34","date_gmt":"2020-01-16T09:30:34","guid":{"rendered":"https:\/\/www.crossborderlivinglabs.eu\/appels-a-projets\/"},"modified":"2020-08-09T12:08:39","modified_gmt":"2020-08-09T10:08:39","slug":"projectoproep","status":"publish","type":"page","link":"https:\/\/www.crossborderlivinglabs.eu\/nl\/projectoproep\/","title":{"rendered":"Projectoproep"},"content":{"rendered":"<p>[et_pb_section fb_built=&#8221;1&#8243; fullwidth=&#8221;on&#8221; admin_label=&#8221;Section TitleImagePage&#8221; _builder_version=&#8221;4.0.9&#8243; global_module=&#8221;17553&#8243;][et_pb_fullwidth_post_title title=&#8221;off&#8221; meta=&#8221;off&#8221; featured_image=&#8221;off&#8221; admin_label=&#8221;Titre du poste en pleine largeur&#8221; module_class=&#8221;pageTitleMain&#8221; _builder_version=&#8221;4.0.9&#8243;][\/et_pb_fullwidth_post_title][et_pb_fullwidth_image src=&#8221;https:\/\/www.crossborderlivinglabs.eu\/wp-content\/uploads\/2020\/01\/Cross_Border_Living_Labs-C2L3Play-Call-Appel-general-Banner-1430X330.jpg&#8221; _builder_version=&#8221;4.0.9&#8243; custom_margin=&#8221;5px||||false|false&#8221;][\/et_pb_fullwidth_image][\/et_pb_section][et_pb_section fb_built=&#8221;1&#8243; _builder_version=&#8221;3.22&#8243;][et_pb_row _builder_version=&#8221;3.25&#8243; background_size=&#8221;initial&#8221; background_position=&#8221;top_left&#8221; background_repeat=&#8221;repeat&#8221;][et_pb_column type=&#8221;4_4&#8243; _builder_version=&#8221;3.25&#8243; custom_padding=&#8221;|||&#8221; custom_padding__hover=&#8221;|||&#8221;][et_pb_text admin_label=&#8221;Texte&#8221; module_class=&#8221;txt-bloc-grey&#8221; _builder_version=&#8221;4.4.9&#8243; hover_enabled=&#8221;0&#8243;]<\/p>\n<p style=\"text-align: center;\">Elke 4 maanden lanceert C2L3Play met de partners een projectoproep rond een specifiek thema dat leeft binnen de Culturele en Creatieve Industrie\u00ebn : Ecologie\/ecosystemen, Educatie, Transmedia, Museumervaring en zintuiglijke wegen, Smart Stadium&#8230;<\/p>\n<p style=\"text-align: center;\">Wij ondersteunen creatieve ontwerpers, artiesten, ondernemers, KMO\u2019s met innovatieve methodieken zoals Design Thinking, gericht op de gebruikerservaring, vanaf de identificatiefase tot experimenteren, ideevorming en prototyping. We stellen een inclusieve aanpak voor die zich aanpast aan alle stadia van het project, en dit in alle sectoren.<\/p>\n<p style=\"text-align: center;\">Bovendien ligt de kwaliteit van onze ondersteuning in de verscheidenheid van de partners die deel uitmaken van het team (technologie, UX design, business, kunst, fablab), toegang tot het netwerk van onze ecosystemen, en toegang tot de experimentele labo\u2019s in de drie regio\u2019s.<\/p>\n<p>[\/et_pb_text][et_pb_blog posts_number=&#8221;1&#8243; include_categories=&#8221;42&#8243; meta_date=&#8221;j M Y&#8221; excerpt_length=&#8221;700&#8243; show_more=&#8221;on&#8221; show_author=&#8221;off&#8221; show_date=&#8221;off&#8221; show_categories=&#8221;off&#8221; show_pagination=&#8221;off&#8221; use_overlay=&#8221;on&#8221; overlay_icon_color=&#8221;rgba(141,172,193,0.59)&#8221; hover_overlay_color=&#8221;rgba(77,149,193,0.63)&#8221; hover_icon=&#8221;%%137%%&#8221; admin_label=&#8221;currentCallBlog&#8221; module_class=&#8221;blogMod currentCallBlog&#8221; _builder_version=&#8221;4.4.1&#8243; z_index_tablet=&#8221;500&#8243; header_text_shadow_horizontal_length_tablet=&#8221;0px&#8221; header_text_shadow_vertical_length_tablet=&#8221;0px&#8221; header_text_shadow_blur_strength_tablet=&#8221;1px&#8221; body_text_shadow_horizontal_length_tablet=&#8221;0px&#8221; body_text_shadow_vertical_length_tablet=&#8221;0px&#8221; body_text_shadow_blur_strength_tablet=&#8221;1px&#8221; meta_text_shadow_horizontal_length_tablet=&#8221;0px&#8221; meta_text_shadow_vertical_length_tablet=&#8221;0px&#8221; meta_text_shadow_blur_strength_tablet=&#8221;1px&#8221; read_more_text_shadow_horizontal_length_tablet=&#8221;0px&#8221; read_more_text_shadow_vertical_length_tablet=&#8221;0px&#8221; read_more_text_shadow_blur_strength_tablet=&#8221;1px&#8221; pagination_text_shadow_horizontal_length_tablet=&#8221;0px&#8221; pagination_text_shadow_vertical_length_tablet=&#8221;0px&#8221; pagination_text_shadow_blur_strength_tablet=&#8221;1px&#8221; body_link_text_shadow_horizontal_length_tablet=&#8221;0px&#8221; body_link_text_shadow_vertical_length_tablet=&#8221;0px&#8221; body_link_text_shadow_blur_strength_tablet=&#8221;1px&#8221; body_ul_text_shadow_horizontal_length_tablet=&#8221;0px&#8221; body_ul_text_shadow_vertical_length_tablet=&#8221;0px&#8221; body_ul_text_shadow_blur_strength_tablet=&#8221;1px&#8221; body_ol_text_shadow_horizontal_length_tablet=&#8221;0px&#8221; body_ol_text_shadow_vertical_length_tablet=&#8221;0px&#8221; body_ol_text_shadow_blur_strength_tablet=&#8221;1px&#8221; body_quote_text_shadow_horizontal_length_tablet=&#8221;0px&#8221; body_quote_text_shadow_vertical_length_tablet=&#8221;0px&#8221; body_quote_text_shadow_blur_strength_tablet=&#8221;1px&#8221; border_width_all_fullwidth=&#8221;1px&#8221; border_color_all_fullwidth=&#8221;#d8d8d8&#8243; box_shadow_horizontal_image_tablet=&#8221;0px&#8221; box_shadow_vertical_image_tablet=&#8221;0px&#8221; box_shadow_blur_image_tablet=&#8221;40px&#8221; box_shadow_spread_image_tablet=&#8221;0px&#8221; text_shadow_horizontal_length_tablet=&#8221;0px&#8221; text_shadow_vertical_length_tablet=&#8221;0px&#8221; text_shadow_blur_strength_tablet=&#8221;1px&#8221; use_border_color=&#8221;on&#8221;][\/et_pb_blog][\/et_pb_column][\/et_pb_row][et_pb_row module_class=&#8221;line90PC&#8221; _builder_version=&#8221;4.4.1&#8243; background_size=&#8221;initial&#8221; background_position=&#8221;top_left&#8221; background_repeat=&#8221;repeat&#8221;][et_pb_column type=&#8221;4_4&#8243; _builder_version=&#8221;3.25&#8243; custom_padding=&#8221;|||&#8221; custom_padding__hover=&#8221;|||&#8221;][et_pb_text admin_label=&#8221;Titre Appel Archive&#8221; _builder_version=&#8221;4.4.9&#8243;]<\/p>\n<h6><strong><span class=\"tlid-translation translation\" lang=\"nl\"><span class=\"\" title=\"\">Voormalig projectoproep<\/span><\/span><\/strong><\/h6>\n<p>[\/et_pb_text][et_pb_blog fullwidth=&#8221;off&#8221; posts_number=&#8221;50&#8243; include_categories=&#8221;227&#8243; meta_date=&#8221;j M Y&#8221; use_manual_excerpt=&#8221;off&#8221; show_author=&#8221;off&#8221; show_date=&#8221;off&#8221; show_categories=&#8221;off&#8221; show_excerpt=&#8221;off&#8221; offset_number=&#8221;1&#8243; use_overlay=&#8221;on&#8221; overlay_icon_color=&#8221;rgba(141,172,193,0.59)&#8221; hover_overlay_color=&#8221;rgba(77,149,193,0.63)&#8221; hover_icon=&#8221;%%137%%&#8221; admin_label=&#8221;Appel Archive Blog&#8221; module_class=&#8221;blogMod&#8221; _builder_version=&#8221;4.4.9&#8243; z_index_tablet=&#8221;500&#8243; header_text_shadow_horizontal_length_tablet=&#8221;0px&#8221; header_text_shadow_vertical_length_tablet=&#8221;0px&#8221; header_text_shadow_blur_strength_tablet=&#8221;1px&#8221; body_text_shadow_horizontal_length_tablet=&#8221;0px&#8221; body_text_shadow_vertical_length_tablet=&#8221;0px&#8221; body_text_shadow_blur_strength_tablet=&#8221;1px&#8221; meta_text_shadow_horizontal_length_tablet=&#8221;0px&#8221; meta_text_shadow_vertical_length_tablet=&#8221;0px&#8221; meta_text_shadow_blur_strength_tablet=&#8221;1px&#8221; read_more_text_shadow_horizontal_length_tablet=&#8221;0px&#8221; read_more_text_shadow_vertical_length_tablet=&#8221;0px&#8221; read_more_text_shadow_blur_strength_tablet=&#8221;1px&#8221; pagination_text_shadow_horizontal_length_tablet=&#8221;0px&#8221; pagination_text_shadow_vertical_length_tablet=&#8221;0px&#8221; pagination_text_shadow_blur_strength_tablet=&#8221;1px&#8221; body_link_text_shadow_horizontal_length_tablet=&#8221;0px&#8221; body_link_text_shadow_vertical_length_tablet=&#8221;0px&#8221; body_link_text_shadow_blur_strength_tablet=&#8221;1px&#8221; body_ul_text_shadow_horizontal_length_tablet=&#8221;0px&#8221; body_ul_text_shadow_vertical_length_tablet=&#8221;0px&#8221; body_ul_text_shadow_blur_strength_tablet=&#8221;1px&#8221; body_ol_text_shadow_horizontal_length_tablet=&#8221;0px&#8221; body_ol_text_shadow_vertical_length_tablet=&#8221;0px&#8221; body_ol_text_shadow_blur_strength_tablet=&#8221;1px&#8221; body_quote_text_shadow_horizontal_length_tablet=&#8221;0px&#8221; body_quote_text_shadow_vertical_length_tablet=&#8221;0px&#8221; body_quote_text_shadow_blur_strength_tablet=&#8221;1px&#8221; border_width_all_fullwidth=&#8221;1px&#8221; border_color_all_fullwidth=&#8221;#d8d8d8&#8243; box_shadow_horizontal_image_tablet=&#8221;0px&#8221; box_shadow_vertical_image_tablet=&#8221;0px&#8221; box_shadow_blur_image_tablet=&#8221;40px&#8221; box_shadow_spread_image_tablet=&#8221;0px&#8221; text_shadow_horizontal_length_tablet=&#8221;0px&#8221; text_shadow_vertical_length_tablet=&#8221;0px&#8221; text_shadow_blur_strength_tablet=&#8221;1px&#8221; use_border_color=&#8221;on&#8221;][\/et_pb_blog][\/et_pb_column][\/et_pb_row][\/et_pb_section]<\/p>\n","protected":false},"excerpt":{"rendered":"<p>Le r\u00e9seau transfrontalier (Wallonie-France-Flandre) Cross Border Living Labs lance un appel \u00e0 projets autour des th\u00e9matiques : Education &#8211; Transmedia &#8211; \u00c9cologie connect\u00e9e&#8230;<\/p>\n","protected":false},"author":2,"featured_media":14504,"parent":0,"menu_order":0,"comment_status":"closed","ping_status":"closed","template":"","meta":{"_et_pb_use_builder":"on","_et_pb_old_content":"<p>\u00a0<\/p><div id=\"ConnectiveDocSignExtentionInstalled\" data-extension-version=\"1.0.4\">\u00a0<\/div>","_et_gb_content_width":"","_custom_body_class":"generalPage","_custom_post_class":"callsPage"},"_links":{"self":[{"href":"https:\/\/www.crossborderlivinglabs.eu\/nl\/wp-json\/wp\/v2\/pages\/15895"}],"collection":[{"href":"https:\/\/www.crossborderlivinglabs.eu\/nl\/wp-json\/wp\/v2\/pages"}],"about":[{"href":"https:\/\/www.crossborderlivinglabs.eu\/nl\/wp-json\/wp\/v2\/types\/page"}],"author":[{"embeddable":true,"href":"https:\/\/www.crossborderlivinglabs.eu\/nl\/wp-json\/wp\/v2\/users\/2"}],"replies":[{"embeddable":true,"href":"https:\/\/www.crossborderlivinglabs.eu\/nl\/wp-json\/wp\/v2\/comments?post=15895"}],"version-history":[{"count":19,"href":"https:\/\/www.crossborderlivinglabs.eu\/nl\/wp-json\/wp\/v2\/pages\/15895\/revisions"}],"predecessor-version":[{"id":18457,"href":"https:\/\/www.crossborderlivinglabs.eu\/nl\/wp-json\/wp\/v2\/pages\/15895\/revisions\/18457"}],"wp:featuredmedia":[{"embeddable":true,"href":"https:\/\/www.crossborderlivinglabs.eu\/nl\/wp-json\/wp\/v2\/media\/14504"}],"wp:attachment":[{"href":"https:\/\/www.crossborderlivinglabs.eu\/nl\/wp-json\/wp\/v2\/media?parent=15895"}],"curies":[{"name":"wp","href":"https:\/\/api.w.org\/{rel}","templated":true}]}}